{"id":459,"date":"2013-08-21T16:41:34","date_gmt":"2013-08-21T13:41:34","guid":{"rendered":"http:\/\/montaasi.ayy.fi\/wordpress\/?page_id=459"},"modified":"2025-08-06T22:06:59","modified_gmt":"2025-08-06T19:06:59","slug":"toiminta","status":"publish","type":"page","link":"https:\/\/montaasi-ry.fi\/en\/toiminta\/","title":{"rendered":"Activities"},"content":{"rendered":"<article class='featurette'><div class='row'><div class='column medium-10 medium-centered'><\/p>\n<p class=\"lead\">Montaasi's core activities include annual film courses, weekly film nights and our own film productions. You can find out about current events on the <a href=\"\/en\/ajankohtaista\/\">Current Events page<\/a> and through the club's <a href=\"https:\/\/t.me\/+-hY1dbJFrkJjNDhk\/\">Telegram group<\/a> . You can also contact the board of Montaasi directly <a href=\"mailto:montaasi@gmail.com\">by email<\/a> or <a href=\"https:\/\/montaasi-ry.fi\/en\/montaasi-discordissa\/\">through Discord<\/a> or come join in the activities at the Sunday film nights.<\/p>\n<p><\/div><\/div><\/article>\n<article class=\"featurette\">\n<div class=\"row\">\n<div class=\"column medium-10 medium-centered\">\n<h3 class=\"featurette-title\">Courses<\/h3>\n<p><!-- Montaasi j\u00e4rjest\u00e4\u00e4 vuosittain kaksi elokuva-aiheista kurssia, kaitafilmikurssin ja 16 mm filmikurssin. N\u00e4iden lis\u00e4ksi kerho j\u00e4rjest\u00e4\u00e4 ty\u00f6pajoja, jotka keskittyv\u00e4t elokuvanteon eri osa-alueisiin, kuten animaatioelokuvaan tai digitaaliseen j\u00e4lkituotantoon. Kursseista saat lis\u00e4tietoa Montaasin <a href=\"mailto:montaasi@list.ayy.fi\">johtokunnalta<\/a>. -->Montaasi's course activities include an 8-mm short film course held every autumn, as well as other courses and workshops related to filmmaking. You can get more information about the courses from <a href=\"mailto:montaasi@gmail.com\">the Montaasi board<\/a>.<\/p>\n<\/div>\n<\/div>\n<div class=\"row\">\n<div class=\"column medium-10 medium-centered\">\n<hr \/>\n<\/div>\n<\/div>\n<div class=\"row\">\n<div class=\"column medium-5 medium-offset-1\">\n<h4>8-mm film course<\/h4>\n<p>The 8-mm film course is Montaasi's traditional basic filmmaking course. The course covers the basics of screenwriting, storytelling, lighting and cinematography, and involves shooting short films on 8 mm color film in groups. The course is held in the autumn.<\/p>\n<p><!--<a class=\"alt-button-small\" title=\"Lue lis\u00e4\u00e4 ja osallistu vuoden 2016 kurssille.\" href=\"https:\/\/montaasi-ry.fi\/event\/kaitafilmikurssi-2016\/\">Kaitafilmikurssi 2016<\/a>--><\/p>\n<\/div>\n<div class=\"column medium-5 end\">\n<p><!--\n\n\n<h4>16 mm filmikurssi<\/h4>\n\n\n16 mm filmikurssilla keskityt\u00e4\u00e4n filmikuvauksen tekniikkaan. Kurssin luento-osuuden aiheisiin kuuluvat filmin ominaisuudet, filmity\u00f6prosessi, 16 mm elokuvakameran toiminta, valotus ja \u00e4\u00e4nitys. Kurssilla kuvataan lyhytelokuvat v\u00e4rinegatiivi- ja mustavalkofilmeille. Kurssilla k\u00e4yd\u00e4\u00e4n l\u00e4pi sek\u00e4 digitaaliset j\u00e4lkity\u00f6t ett\u00e4 perinteinen leikkausp\u00f6yt\u00e4ty\u00f6skentely. Kurssi j\u00e4rjestet\u00e4\u00e4n kev\u00e4isin.--><\/p>\n<h4>Other courses<\/h4>\n<p>Montaasi also organizes courses and workshops that focus on different aspects of filmmaking, such as animated films, lighting, or digital post-production.<\/p>\n<\/div>\n<\/div>\n<\/article>\n<article class='featurette'><div class='row'><div class='column medium-10 medium-centered'><\/p>\n<h3 class=\"featurette-title\">Make your own film<\/h3>\n<p>Filmmaking is one of Montaasi's core activities. The club has made hundreds of short films over the years. Montaasi also supports its members' own film productions through <a href=\"https:\/\/montaasi-ry.fi\/en\/kalusto\/\">equipment rentals<\/a> and other possible support. If you are making your own film and are interested in receiving Montaasi's support, please contact <a href=\"mailto:montaasi@gmail.com\">the board<\/a>.<\/p>\n<p><a class=\"alt-button-small\" href=\"https:\/\/montaasi-ry.fi\/en\/elokuvat\/\">Read more about Montaasi's films<\/a><br \/>\n<\/div><\/div><\/article>\n<article class=\"featurette\">\n<div class=\"row\">\n<div class=\"column medium-5 medium-offset-1\">\n<h3 class=\"featurette-title\">Movie nights<\/h3>\n<p>Montaasi organizes weekly movie nights on Sundays at Otakaari 20 A. The movie nights include a film screening at Audiopoli's <a href=\"http:\/\/www.kinopoli.fi\/\">Kinopoli theatre<\/a>. The latest movie night program can be found on the <a href=\"\/en\/ajankohtaista\/\">Current Events page<\/a>.<\/p>\n<\/div>\n<div class=\"column medium-5 end\">\n<h3 class=\"featurette-title offset-1\">Other activities<\/h3>\n<p>Montaasi organizes excursions to film screenings and other film-related venues. The club participates in the largest film festivals in the Helsinki metropolitan area in the form of excursions and membership offers. The club also organizes joint events with other clubs, such as with <a href=\"https:\/\/www.facebook.com\/leffaryhma\/\">the Film Club of the University of Helsinki<\/a> .<\/p>\n<\/div>\n<\/div>\n<\/article>","protected":false},"excerpt":{"rendered":"<p>Kurssit Montaasin kurssitoimintaan kuuluvat joka syksy j\u00e4rjestett\u00e4v\u00e4 kaitafilmikurssi sek\u00e4 muut elokuvantekoon liittyv\u00e4t kurssit ja ty\u00f6pajat. Kursseista saat lis\u00e4tietoa Montaasin johtokunnalta. [&hellip;]<\/p>","protected":false},"author":2,"featured_media":818,"parent":0,"menu_order":0,"comment_status":"closed","ping_status":"open","template":"","meta":{"footnotes":""},"_links":{"self":[{"href":"https:\/\/montaasi-ry.fi\/en\/wp-json\/wp\/v2\/pages\/459"}],"collection":[{"href":"https:\/\/montaasi-ry.fi\/en\/wp-json\/wp\/v2\/pages"}],"about":[{"href":"https:\/\/montaasi-ry.fi\/en\/wp-json\/wp\/v2\/types\/page"}],"author":[{"embeddable":true,"href":"https:\/\/montaasi-ry.fi\/en\/wp-json\/wp\/v2\/users\/2"}],"replies":[{"embeddable":true,"href":"https:\/\/montaasi-ry.fi\/en\/wp-json\/wp\/v2\/comments?post=459"}],"version-history":[{"count":23,"href":"https:\/\/montaasi-ry.fi\/en\/wp-json\/wp\/v2\/pages\/459\/revisions"}],"predecessor-version":[{"id":3427,"href":"https:\/\/montaasi-ry.fi\/en\/wp-json\/wp\/v2\/pages\/459\/revisions\/3427"}],"wp:featuredmedia":[{"embeddable":true,"href":"https:\/\/montaasi-ry.fi\/en\/wp-json\/wp\/v2\/media\/818"}],"wp:attachment":[{"href":"https:\/\/montaasi-ry.fi\/en\/wp-json\/wp\/v2\/media?parent=459"}],"curies":[{"name":"wp","href":"https:\/\/api.w.org\/{rel}","templated":true}]}}